{"id":1183,"date":"2025-01-28T15:36:01","date_gmt":"2025-01-28T15:36:01","guid":{"rendered":"https:\/\/zenett.ca\/?page_id=1183"},"modified":"2025-11-27T14:06:56","modified_gmt":"2025-11-27T14:06:56","slug":"services-commerciaux","status":"publish","type":"page","link":"https:\/\/zenett.ca\/en\/services-commerciaux\/","title":{"rendered":"Commercial Services"},"content":{"rendered":"<div data-elementor-type=\"wp-page\" data-elementor-id=\"1183\" class=\"elementor elementor-1183\">\n\t\t\t\t<div class=\"elementor-element elementor-element-e7d36de e-flex e-con-boxed wpr-particle-no wpr-jarallax-no wpr-parallax-no wpr-sticky-section-no e-con e-parent\" data-id=\"e7d36de\" data-element_type=\"container\" data-settings=\"{&quot;background_background&quot;:&quot;classic&quot;}\">\n\t\t\t\t\t<div class=\"e-con-inner\">\n\t\t\t\t<div class=\"elementor-element elementor-element-eb7df22 elementor-widget elementor-widget-heading\" data-id=\"eb7df22\" data-element_type=\"widget\" data-widget_type=\"heading.default\">\n\t\t\t\t<div class=\"elementor-widget-container\">\n\t\t\t\t\t<h2 class=\"elementor-heading-title elementor-size-default\">Commercial services<\/h2>\t\t\t\t<\/div>\n\t\t\t\t<\/div>\n\t\t\t\t\t<\/div>\n\t\t\t\t<\/div>\n\t\t<div class=\"elementor-element elementor-element-8750b9f e-flex e-con-boxed wpr-particle-no wpr-jarallax-no wpr-parallax-no wpr-sticky-section-no e-con e-parent\" data-id=\"8750b9f\" data-element_type=\"container\">\n\t\t\t\t\t<div class=\"e-con-inner\">\n\t\t<div class=\"elementor-element elementor-element-151ade0 elementor-hidden-tablet e-con-full e-flex wpr-particle-no wpr-jarallax-no wpr-parallax-no wpr-sticky-section-no elementor-invisible e-con e-child\" data-id=\"151ade0\" data-element_type=\"container\" data-settings=\"{&quot;animation&quot;:&quot;slideInLeft&quot;}\">\n\t\t\t\t<div class=\"elementor-element elementor-element-972bd80 elementor-widget elementor-widget-image\" data-id=\"972bd80\" data-element_type=\"widget\" data-widget_type=\"image.default\">\n\t\t\t\t<div class=\"elementor-widget-container\">\n\t\t\t\t\t\t\t\t\t\t\t\t\t\t\t<img fetchpriority=\"high\" decoding=\"async\" width=\"2560\" height=\"1707\" src=\"https:\/\/zenett.ca\/wp-content\/uploads\/2025\/01\/adobestock_500970356-AwvjM3Pv9BTLoG7g-scaled.jpg\" class=\"attachment-full size-full wp-image-1208\" alt=\"\" srcset=\"https:\/\/zenett.ca\/wp-content\/uploads\/2025\/01\/adobestock_500970356-AwvjM3Pv9BTLoG7g-scaled.jpg 2560w, https:\/\/zenett.ca\/wp-content\/uploads\/2025\/01\/adobestock_500970356-AwvjM3Pv9BTLoG7g-300x200.jpg 300w, https:\/\/zenett.ca\/wp-content\/uploads\/2025\/01\/adobestock_500970356-AwvjM3Pv9BTLoG7g-1024x683.jpg 1024w, https:\/\/zenett.ca\/wp-content\/uploads\/2025\/01\/adobestock_500970356-AwvjM3Pv9BTLoG7g-768x512.jpg 768w, https:\/\/zenett.ca\/wp-content\/uploads\/2025\/01\/adobestock_500970356-AwvjM3Pv9BTLoG7g-1536x1024.jpg 1536w, https:\/\/zenett.ca\/wp-content\/uploads\/2025\/01\/adobestock_500970356-AwvjM3Pv9BTLoG7g-2048x1365.jpg 2048w\" sizes=\"(max-width: 2560px) 100vw, 2560px\" \/>\t\t\t\t\t\t\t\t\t\t\t\t\t\t\t<\/div>\n\t\t\t\t<\/div>\n\t\t\t\t<\/div>\n\t\t<div class=\"elementor-element elementor-element-31e82b6 e-flex e-con-boxed wpr-particle-no wpr-jarallax-no wpr-parallax-no wpr-sticky-section-no elementor-invisible e-con e-child\" data-id=\"31e82b6\" data-element_type=\"container\" data-settings=\"{&quot;animation&quot;:&quot;slideInRight&quot;}\">\n\t\t\t\t\t<div class=\"e-con-inner\">\n\t\t\t\t<div class=\"elementor-element elementor-element-4ae77fd elementor-widget elementor-widget-heading\" data-id=\"4ae77fd\" data-element_type=\"widget\" data-widget_type=\"heading.default\">\n\t\t\t\t<div class=\"elementor-widget-container\">\n\t\t\t\t\t<h2 class=\"elementor-heading-title elementor-size-default\">Commercial housekeeping<\/h2>\t\t\t\t<\/div>\n\t\t\t\t<\/div>\n\t\t\t\t<div class=\"elementor-element elementor-element-8b07bfe elementor-widget elementor-widget-heading\" data-id=\"8b07bfe\" data-element_type=\"widget\" data-widget_type=\"heading.default\">\n\t\t\t\t<div class=\"elementor-widget-container\">\n\t\t\t\t\t<h2 class=\"elementor-heading-title elementor-size-default\">For an impeccable working environment\n<\/h2>\t\t\t\t<\/div>\n\t\t\t\t<\/div>\n\t\t\t\t<div class=\"elementor-element elementor-element-9a8ee4b elementor-widget elementor-widget-text-editor\" data-id=\"9a8ee4b\" data-element_type=\"widget\" data-widget_type=\"text-editor.default\">\n\t\t\t\t<div class=\"elementor-widget-container\">\n\t\t\t\t\t\t\t\t\t<p>Your company's image also depends on the cleanliness of your premises. At <strong>Zenett<\/strong>, We make it a point of honour to ensure an orderly and healthy working environment for you and your employees.<\/p>\t\t\t\t\t\t\t\t<\/div>\n\t\t\t\t<\/div>\n\t\t<div class=\"elementor-element elementor-element-2704896 e-grid e-con-full wpr-particle-no wpr-jarallax-no wpr-parallax-no wpr-sticky-section-no e-con e-child\" data-id=\"2704896\" data-element_type=\"container\">\n\t\t\t\t<div class=\"elementor-element elementor-element-b94853c elementor-icon-list--layout-traditional elementor-list-item-link-full_width elementor-widget elementor-widget-icon-list\" data-id=\"b94853c\" data-element_type=\"widget\" data-widget_type=\"icon-list.default\">\n\t\t\t\t<div class=\"elementor-widget-container\">\n\t\t\t\t\t\t\t<ul class=\"elementor-icon-list-items\">\n\t\t\t\t\t\t\t<li class=\"elementor-icon-list-item\">\n\t\t\t\t\t\t\t\t\t\t\t<span class=\"elementor-icon-list-icon\">\n\t\t\t\t\t\t\t<svg aria-hidden=\"true\" class=\"e-font-icon-svg e-fas-leaf\" viewbox=\"0 0 576 512\" xmlns=\"http:\/\/www.w3.org\/2000\/svg\"><path d=\"M546.2 9.7c-5.6-12.5-21.6-13-28.3-1.2C486.9 62.4 431.4 96 368 96h-80C182 96 96 182 96 288c0 7 .8 13.7 1.5 20.5C161.3 262.8 253.4 224 384 224c8.8 0 16 7.2 16 16s-7.2 16-16 16C132.6 256 26 410.1 2.4 468c-6.6 16.3 1.2 34.9 17.5 41.6 16.4 6.8 35-1.1 41.8-17.3 1.5-3.6 20.9-47.9 71.9-90.6 32.4 43.9 94 85.8 174.9 77.2C465.5 467.5 576 326.7 576 154.3c0-50.2-10.8-102.2-29.8-144.6z\"><\/path><\/svg>\t\t\t\t\t\t<\/span>\n\t\t\t\t\t\t\t\t\t\t<span class=\"elementor-icon-list-text\">Cleaning adapted to your business sector (shops, offices, SMEs, etc.).<\/span>\n\t\t\t\t\t\t\t\t\t<\/li>\n\t\t\t\t\t\t\t\t<li class=\"elementor-icon-list-item\">\n\t\t\t\t\t\t\t\t\t\t\t<span class=\"elementor-icon-list-icon\">\n\t\t\t\t\t\t\t<svg aria-hidden=\"true\" class=\"e-font-icon-svg e-fas-leaf\" viewbox=\"0 0 576 512\" xmlns=\"http:\/\/www.w3.org\/2000\/svg\"><path d=\"M546.2 9.7c-5.6-12.5-21.6-13-28.3-1.2C486.9 62.4 431.4 96 368 96h-80C182 96 96 182 96 288c0 7 .8 13.7 1.5 20.5C161.3 262.8 253.4 224 384 224c8.8 0 16 7.2 16 16s-7.2 16-16 16C132.6 256 26 410.1 2.4 468c-6.6 16.3 1.2 34.9 17.5 41.6 16.4 6.8 35-1.1 41.8-17.3 1.5-3.6 20.9-47.9 71.9-90.6 32.4 43.9 94 85.8 174.9 77.2C465.5 467.5 576 326.7 576 154.3c0-50.2-10.8-102.2-29.8-144.6z\"><\/path><\/svg>\t\t\t\t\t\t<\/span>\n\t\t\t\t\t\t\t\t\t\t<span class=\"elementor-icon-list-text\">Use of professional equipment and high-performance products.<\/span>\n\t\t\t\t\t\t\t\t\t<\/li>\n\t\t\t\t\t\t\t\t<li class=\"elementor-icon-list-item\">\n\t\t\t\t\t\t\t\t\t\t\t<span class=\"elementor-icon-list-icon\">\n\t\t\t\t\t\t\t<svg aria-hidden=\"true\" class=\"e-font-icon-svg e-fas-leaf\" viewbox=\"0 0 576 512\" xmlns=\"http:\/\/www.w3.org\/2000\/svg\"><path d=\"M546.2 9.7c-5.6-12.5-21.6-13-28.3-1.2C486.9 62.4 431.4 96 368 96h-80C182 96 96 182 96 288c0 7 .8 13.7 1.5 20.5C161.3 262.8 253.4 224 384 224c8.8 0 16 7.2 16 16s-7.2 16-16 16C132.6 256 26 410.1 2.4 468c-6.6 16.3 1.2 34.9 17.5 41.6 16.4 6.8 35-1.1 41.8-17.3 1.5-3.6 20.9-47.9 71.9-90.6 32.4 43.9 94 85.8 174.9 77.2C465.5 467.5 576 326.7 576 154.3c0-50.2-10.8-102.2-29.8-144.6z\"><\/path><\/svg>\t\t\t\t\t\t<\/span>\n\t\t\t\t\t\t\t\t\t\t<span class=\"elementor-icon-list-text\">Flexible planning to minimize disruption to your daily operations.<\/span>\n\t\t\t\t\t\t\t\t\t<\/li>\n\t\t\t\t\t\t\t\t<li class=\"elementor-icon-list-item\">\n\t\t\t\t\t\t\t\t\t\t\t<span class=\"elementor-icon-list-icon\">\n\t\t\t\t\t\t\t<svg aria-hidden=\"true\" class=\"e-font-icon-svg e-fas-leaf\" viewbox=\"0 0 576 512\" xmlns=\"http:\/\/www.w3.org\/2000\/svg\"><path d=\"M546.2 9.7c-5.6-12.5-21.6-13-28.3-1.2C486.9 62.4 431.4 96 368 96h-80C182 96 96 182 96 288c0 7 .8 13.7 1.5 20.5C161.3 262.8 253.4 224 384 224c8.8 0 16 7.2 16 16s-7.2 16-16 16C132.6 256 26 410.1 2.4 468c-6.6 16.3 1.2 34.9 17.5 41.6 16.4 6.8 35-1.1 41.8-17.3 1.5-3.6 20.9-47.9 71.9-90.6 32.4 43.9 94 85.8 174.9 77.2C465.5 467.5 576 326.7 576 154.3c0-50.2-10.8-102.2-29.8-144.6z\"><\/path><\/svg>\t\t\t\t\t\t<\/span>\n\t\t\t\t\t\t\t\t\t\t<span class=\"elementor-icon-list-text\">Compliance with current health and safety standards.<\/span>\n\t\t\t\t\t\t\t\t\t<\/li>\n\t\t\t\t\t\t<\/ul>\n\t\t\t\t\t\t<\/div>\n\t\t\t\t<\/div>\n\t\t\t\t<\/div>\n\t\t\t\t\t<\/div>\n\t\t\t\t<\/div>\n\t\t\t\t\t<\/div>\n\t\t\t\t<\/div>\n\t\t<div class=\"elementor-element elementor-element-7f8deae e-flex e-con-boxed wpr-particle-no wpr-jarallax-no wpr-parallax-no wpr-sticky-section-no e-con e-parent\" data-id=\"7f8deae\" data-element_type=\"container\" data-settings=\"{&quot;background_background&quot;:&quot;classic&quot;}\">\n\t\t\t\t\t<div class=\"e-con-inner\">\n\t\t\t\t<div class=\"elementor-element elementor-element-f85929a elementor-widget elementor-widget-heading\" data-id=\"f85929a\" data-element_type=\"widget\" data-widget_type=\"heading.default\">\n\t\t\t\t<div class=\"elementor-widget-container\">\n\t\t\t\t\t<h2 class=\"elementor-heading-title elementor-size-default\">Services<\/h2>\t\t\t\t<\/div>\n\t\t\t\t<\/div>\n\t\t\t\t<div class=\"elementor-element elementor-element-61cf21c elementor-widget elementor-widget-heading\" data-id=\"61cf21c\" data-element_type=\"widget\" data-widget_type=\"heading.default\">\n\t\t\t\t<div class=\"elementor-widget-container\">\n\t\t\t\t\t<h2 class=\"elementor-heading-title elementor-size-default\">All our commercial services<\/h2>\t\t\t\t<\/div>\n\t\t\t\t<\/div>\n\t\t<div class=\"elementor-element elementor-element-9b871c0 e-flex e-con-boxed wpr-particle-no wpr-jarallax-no wpr-parallax-no wpr-sticky-section-no e-con e-child\" data-id=\"9b871c0\" data-element_type=\"container\">\n\t\t\t\t\t<div class=\"e-con-inner\">\n\t\t\t\t<div class=\"elementor-element elementor-element-f6b4681 elementor-widget elementor-widget-text-editor\" data-id=\"f6b4681\" data-element_type=\"widget\" data-widget_type=\"text-editor.default\">\n\t\t\t\t<div class=\"elementor-widget-container\">\n\t\t\t\t\t\t\t\t\t<p>In addition to regular maintenance services, we offer an extensive range of services for your workspace.<\/p>\t\t\t\t\t\t\t\t<\/div>\n\t\t\t\t<\/div>\n\t\t\t\t\t<\/div>\n\t\t\t\t<\/div>\n\t\t<div class=\"elementor-element elementor-element-b9d051a e-grid e-con-boxed wpr-particle-no wpr-jarallax-no wpr-parallax-no wpr-sticky-section-no e-con e-child\" data-id=\"b9d051a\" data-element_type=\"container\">\n\t\t\t\t\t<div class=\"e-con-inner\">\n\t\t\t\t<div class=\"elementor-element elementor-element-2aea24c elementor-position-top elementor-invisible elementor-widget elementor-widget-image-box\" data-id=\"2aea24c\" data-element_type=\"widget\" data-settings=\"{&quot;_animation&quot;:&quot;zoomIn&quot;}\" data-widget_type=\"image-box.default\">\n\t\t\t\t<div class=\"elementor-widget-container\">\n\t\t\t\t\t<div class=\"elementor-image-box-wrapper\"><figure class=\"elementor-image-box-img\"><img decoding=\"async\" width=\"300\" height=\"300\" src=\"https:\/\/zenett.ca\/wp-content\/uploads\/2024\/05\/Icon-2.png\" class=\"attachment-full size-full wp-image-352\" alt=\"\" srcset=\"https:\/\/zenett.ca\/wp-content\/uploads\/2024\/05\/Icon-2.png 300w, https:\/\/zenett.ca\/wp-content\/uploads\/2024\/05\/Icon-2-150x150.png 150w\" sizes=\"(max-width: 300px) 100vw, 300px\" \/><\/figure><div class=\"elementor-image-box-content\"><h3 class=\"elementor-image-box-title\">Offices<\/h3><p class=\"elementor-image-box-description\">A clean, organized workspace promotes concentration and motivation among your employees. NS Nettoyage can help you create an impeccable working environment.\n\n\n<\/p><\/div><\/div>\t\t\t\t<\/div>\n\t\t\t\t<\/div>\n\t\t\t\t<div class=\"elementor-element elementor-element-f1446cc elementor-position-top elementor-invisible elementor-widget elementor-widget-image-box\" data-id=\"f1446cc\" data-element_type=\"widget\" data-settings=\"{&quot;_animation&quot;:&quot;zoomIn&quot;}\" data-widget_type=\"image-box.default\">\n\t\t\t\t<div class=\"elementor-widget-container\">\n\t\t\t\t\t<div class=\"elementor-image-box-wrapper\"><figure class=\"elementor-image-box-img\"><img decoding=\"async\" width=\"300\" height=\"300\" src=\"https:\/\/zenett.ca\/wp-content\/uploads\/2024\/05\/Icon-3.png\" class=\"attachment-full size-full wp-image-353\" alt=\"\" srcset=\"https:\/\/zenett.ca\/wp-content\/uploads\/2024\/05\/Icon-3.png 300w, https:\/\/zenett.ca\/wp-content\/uploads\/2024\/05\/Icon-3-150x150.png 150w\" sizes=\"(max-width: 300px) 100vw, 300px\" \/><\/figure><div class=\"elementor-image-box-content\"><h3 class=\"elementor-image-box-title\">After construction<\/h3><p class=\"elementor-image-box-description\">After construction or renovation work, the premises can become cluttered with dust and various types of garbage. Our team specializes in post-construction cleaning to deliver a spotless space.\n\n\n<\/p><\/div><\/div>\t\t\t\t<\/div>\n\t\t\t\t<\/div>\n\t\t\t\t<div class=\"elementor-element elementor-element-1aba7b8 elementor-position-top elementor-invisible elementor-widget elementor-widget-image-box\" data-id=\"1aba7b8\" data-element_type=\"widget\" data-settings=\"{&quot;_animation&quot;:&quot;zoomIn&quot;}\" data-widget_type=\"image-box.default\">\n\t\t\t\t<div class=\"elementor-widget-container\">\n\t\t\t\t\t<div class=\"elementor-image-box-wrapper\"><figure class=\"elementor-image-box-img\"><img loading=\"lazy\" decoding=\"async\" width=\"300\" height=\"300\" src=\"https:\/\/zenett.ca\/wp-content\/uploads\/2024\/05\/Icon-4.png\" class=\"attachment-full size-full wp-image-354\" alt=\"\" srcset=\"https:\/\/zenett.ca\/wp-content\/uploads\/2024\/05\/Icon-4.png 300w, https:\/\/zenett.ca\/wp-content\/uploads\/2024\/05\/Icon-4-150x150.png 150w\" sizes=\"(max-width: 300px) 100vw, 300px\" \/><\/figure><div class=\"elementor-image-box-content\"><h3 class=\"elementor-image-box-title\">Window cleaning<\/h3><p class=\"elementor-image-box-description\">Impeccable windows make all the difference, whether in your home or your professional space. Our team guarantees high-quality window cleaning, using professional techniques and high-performance products.\n\n<\/p><\/div><\/div>\t\t\t\t<\/div>\n\t\t\t\t<\/div>\n\t\t\t\t<div class=\"elementor-element elementor-element-ce864c4 elementor-position-top elementor-invisible elementor-widget elementor-widget-image-box\" data-id=\"ce864c4\" data-element_type=\"widget\" data-settings=\"{&quot;_animation&quot;:&quot;zoomIn&quot;}\" data-widget_type=\"image-box.default\">\n\t\t\t\t<div class=\"elementor-widget-container\">\n\t\t\t\t\t<div class=\"elementor-image-box-wrapper\"><figure class=\"elementor-image-box-img\"><img loading=\"lazy\" decoding=\"async\" width=\"300\" height=\"300\" src=\"https:\/\/zenett.ca\/wp-content\/uploads\/2024\/05\/Icon-1.png\" class=\"attachment-full size-full wp-image-351\" alt=\"\" srcset=\"https:\/\/zenett.ca\/wp-content\/uploads\/2024\/05\/Icon-1.png 300w, https:\/\/zenett.ca\/wp-content\/uploads\/2024\/05\/Icon-1-150x150.png 150w\" sizes=\"(max-width: 300px) 100vw, 300px\" \/><\/figure><div class=\"elementor-image-box-content\"><h3 class=\"elementor-image-box-title\">Disinfection<\/h3><p class=\"elementor-image-box-description\">Maintain a safe environment and prevent the spread of viruses and bacteria with our disinfection service. Our team uses specialized products and techniques to effectively eliminate germs, including COVID-19.\n\n<\/p><\/div><\/div>\t\t\t\t<\/div>\n\t\t\t\t<\/div>\n\t\t\t\t<div class=\"elementor-element elementor-element-296f020 elementor-position-top elementor-invisible elementor-widget elementor-widget-image-box\" data-id=\"296f020\" data-element_type=\"widget\" data-settings=\"{&quot;_animation&quot;:&quot;zoomIn&quot;}\" data-widget_type=\"image-box.default\">\n\t\t\t\t<div class=\"elementor-widget-container\">\n\t\t\t\t\t<div class=\"elementor-image-box-wrapper\"><figure class=\"elementor-image-box-img\"><img loading=\"lazy\" decoding=\"async\" width=\"300\" height=\"300\" src=\"https:\/\/zenett.ca\/wp-content\/uploads\/2024\/05\/Icons-3.png\" class=\"attachment-full size-full wp-image-854\" alt=\"\" srcset=\"https:\/\/zenett.ca\/wp-content\/uploads\/2024\/05\/Icons-3.png 300w, https:\/\/zenett.ca\/wp-content\/uploads\/2024\/05\/Icons-3-150x150.png 150w\" sizes=\"(max-width: 300px) 100vw, 300px\" \/><\/figure><div class=\"elementor-image-box-content\"><h3 class=\"elementor-image-box-title\">Carpet washing<\/h3><p class=\"elementor-image-box-description\">Restore your carpets to their original shine with our specialized washing service. We remove stains, dust and odors to leave your carpets as good as new.\n\n<\/p><\/div><\/div>\t\t\t\t<\/div>\n\t\t\t\t<\/div>\n\t\t\t\t<div class=\"elementor-element elementor-element-55b9c9a elementor-position-top elementor-invisible elementor-widget elementor-widget-image-box\" data-id=\"55b9c9a\" data-element_type=\"widget\" data-settings=\"{&quot;_animation&quot;:&quot;zoomIn&quot;}\" data-widget_type=\"image-box.default\">\n\t\t\t\t<div class=\"elementor-widget-container\">\n\t\t\t\t\t<div class=\"elementor-image-box-wrapper\"><figure class=\"elementor-image-box-img\"><img loading=\"lazy\" decoding=\"async\" width=\"300\" height=\"300\" src=\"https:\/\/zenett.ca\/wp-content\/uploads\/2024\/05\/Icons-4.png\" class=\"attachment-full size-full wp-image-855\" alt=\"\" srcset=\"https:\/\/zenett.ca\/wp-content\/uploads\/2024\/05\/Icons-4.png 300w, https:\/\/zenett.ca\/wp-content\/uploads\/2024\/05\/Icons-4-150x150.png 150w\" sizes=\"(max-width: 300px) 100vw, 300px\" \/><\/figure><div class=\"elementor-image-box-content\"><h3 class=\"elementor-image-box-title\">Other commercial services<\/h3><p class=\"elementor-image-box-description\">- Regular housekeeping (offices, grocery stores, pharmacies, stores, shopping malls, restaurants, clinics, agencies, schools, daycare centers, hospitals, clinics)<br>\n- Maintenance of residential buildings \/ common areas<br>\n- Cleaning for short-term rentals \/ Airbnb<br>\n- Commercial kitchen cleaning (hoods, surfaces, equipment)<br>\n- Post-construction and renovation cleaning (via contractors)<br>\n- Floor stripping and waxing\n\n<\/p><\/div><\/div>\t\t\t\t<\/div>\n\t\t\t\t<\/div>\n\t\t\t\t\t<\/div>\n\t\t\t\t<\/div>\n\t\t\t\t\t<\/div>\n\t\t\t\t<\/div>\n\t\t<div class=\"elementor-element elementor-element-01b0c90 e-flex e-con-boxed wpr-particle-no wpr-jarallax-no wpr-parallax-no wpr-sticky-section-no e-con e-parent\" data-id=\"01b0c90\" data-element_type=\"container\" data-settings=\"{&quot;background_background&quot;:&quot;classic&quot;}\">\n\t\t\t\t\t<div class=\"e-con-inner\">\n\t\t<div class=\"elementor-element elementor-element-6ca64d2 e-con-full e-flex wpr-particle-no wpr-jarallax-no wpr-parallax-no wpr-sticky-section-no elementor-invisible e-con e-child\" data-id=\"6ca64d2\" data-element_type=\"container\" data-settings=\"{&quot;animation&quot;:&quot;slideInDown&quot;}\">\n\t\t\t\t<div class=\"elementor-element elementor-element-871651d wpr-fancy-text-rotate-1 wpr-advanced-text-style-animated wpr-animated-text-infinite-yes elementor-widget elementor-widget-wpr-advanced-text\" data-id=\"871651d\" data-element_type=\"widget\" data-settings=\"{&quot;anim_loop&quot;:&quot;yes&quot;}\" data-widget_type=\"wpr-advanced-text.default\">\n\t\t\t\t<div class=\"elementor-widget-container\">\n\t\t\t\t\t\n\t\t<h3 class=\"wpr-advanced-text\">\n\n\t\t\t\t\t\n\t\t\t\t\t\t\t<span class=\"wpr-advanced-text-preffix\">Cleaning <br><\/span>\n\t\t\t\n\t\t<span class=\"wpr-anim-text wpr-anim-text-type-rotate-1\" data-anim-duration=\"1000,2000\" data-anim-loop=\"yes\">\n\t\t\t<span class=\"wpr-anim-text-inner\">\n\t\t\t\t\t\t\t\t\t<b>Commmercial<\/b>\n\t\t\t\t\t\t\t<\/span>\n\t\t\t\t\t<\/span>\n\n\t\t\t\t\n\t\t<\/h3>\n\t\t\n\t\t\t\t\t\t<\/div>\n\t\t\t\t<\/div>\n\t\t\t\t<div class=\"elementor-element elementor-element-8a97f0c elementor-widget elementor-widget-text-editor\" data-id=\"8a97f0c\" data-element_type=\"widget\" data-widget_type=\"text-editor.default\">\n\t\t\t\t<div class=\"elementor-widget-container\">\n\t\t\t\t\t\t\t\t\t<p>Rely on our expertise to strengthen your company's image. <strong>Contact us<\/strong> to find out more about our commercial cleaning services.<\/p>\t\t\t\t\t\t\t\t<\/div>\n\t\t\t\t<\/div>\n\t\t\t\t<\/div>\n\t\t<div class=\"elementor-element elementor-element-7da125b e-con-full elementor-hidden-tablet elementor-hidden-mobile e-flex wpr-particle-no wpr-jarallax-no wpr-parallax-no wpr-sticky-section-no e-con e-child\" data-id=\"7da125b\" data-element_type=\"container\">\n\t\t\t\t<div class=\"elementor-element elementor-element-fa1c2b5 elementor-invisible elementor-widget elementor-widget-image\" data-id=\"fa1c2b5\" data-element_type=\"widget\" data-settings=\"{&quot;_animation&quot;:&quot;fadeIn&quot;}\" data-widget_type=\"image.default\">\n\t\t\t\t<div class=\"elementor-widget-container\">\n\t\t\t\t\t\t\t\t\t\t\t\t\t\t\t<img loading=\"lazy\" decoding=\"async\" width=\"800\" height=\"685\" src=\"https:\/\/zenett.ca\/wp-content\/uploads\/2024\/05\/image-12.png\" class=\"attachment-full size-full wp-image-829\" alt=\"\" srcset=\"https:\/\/zenett.ca\/wp-content\/uploads\/2024\/05\/image-12.png 800w, https:\/\/zenett.ca\/wp-content\/uploads\/2024\/05\/image-12-300x257.png 300w, https:\/\/zenett.ca\/wp-content\/uploads\/2024\/05\/image-12-768x658.png 768w\" sizes=\"(max-width: 800px) 100vw, 800px\" \/>\t\t\t\t\t\t\t\t\t\t\t\t\t\t\t<\/div>\n\t\t\t\t<\/div>\n\t\t\t\t<\/div>\n\t\t\t\t\t<\/div>\n\t\t\t\t<\/div>\n\t\t\t\t<\/div>","protected":false},"excerpt":{"rendered":"<p>Services commerciaux Entretien m\u00e9nager commercial Pour un environnement professionnel impeccable L\u2019image de votre entreprise passe aussi par la propret\u00e9 de vos locaux. Chez Zenett, nous mettons un point d\u2019honneur \u00e0 garantir un environnement de travail ordonn\u00e9 et sain pour vous et vos collaborateurs. Nettoyage adapt\u00e9 \u00e0 votre secteur d\u2019activit\u00e9 (commerces, cabinets, PME, etc.). Utilisation de mat\u00e9riels professionnels et de produits haute performance. Planning flexible pour minimiser les perturbations de vos op\u00e9rations quotidiennes. Respect des normes de s\u00e9curit\u00e9 et d\u2019hygi\u00e8ne en vigueur. Services Tous nos services commerciaux En plus des services d&rsquo;entretien r\u00e9guliers, nous offrons une gamme extensive de services pour votre espace de travail. Bureaux Un espace de travail propre et organis\u00e9 favorise la concentration et la motivation de vos employ\u00e9s. NS Nettoyage vous accompagne dans la mise en place d\u2019un environnement professionnel irr\u00e9prochable. Apr\u00e8s construction Apr\u00e8s des travaux de construction ou de r\u00e9novation, les lieux peuvent \u00eatre encombr\u00e9s de poussi\u00e8res et de d\u00e9chets divers. Notre \u00e9quipe est sp\u00e9cialis\u00e9e dans le nettoyage post-construction afin de livrer un espace impeccable. Lavage de vitres Des fen\u00eatres impeccables font toute la diff\u00e9rence, qu\u2019il s\u2019agisse de votre maison ou de votre espace professionnel. Notre \u00e9quipe vous garantit un lavage de vitres de haute qualit\u00e9, gr\u00e2ce \u00e0 des techniques professionnelles et des produits performants. D\u00e9sinfection Maintenez un environnement s\u00fbr et pr\u00e9venez la propagation des virus et des bact\u00e9ries gr\u00e2ce \u00e0 notre service de d\u00e9sinfection. Notre \u00e9quipe utilise des produits et des techniques sp\u00e9cialis\u00e9s pour \u00e9liminer efficacement les germes, y compris la COVID-19. Lavage des tapis Redonnez \u00e0 vos tapis leur \u00e9clat d\u2019origine gr\u00e2ce \u00e0 notre service de lavage sp\u00e9cialis\u00e9. Nous \u00e9liminons les taches, la poussi\u00e8re et les odeurs pour laisser vos tapis comme neufs. Autres services commerciaux \u2013 Entretien m\u00e9nager r\u00e9gulier (bureaux, \u00e9piceries, pharmacies, magasins, centres commerciaux, restaurants, cliniques, agences, \u00e9coles, garderies, h\u00f4pitaux, cliniques) \u2013 Entretien des immeubles d\u2019habitation \/ parties communes \u2013 Nettoyage pour locations courte dur\u00e9e \/ Airbnb \u2013 Nettoyage de cuisines commerciales (hottes, surfaces, \u00e9quipements) \u2013 Nettoyage apr\u00e8s construction et r\u00e9novation (Via contracteurs) \u2013 D\u00e9capage et cirage de planchers Nettoyage Commmercial Faites confiance \u00e0 notre expertise pour renforcer l\u2019image de votre entreprise. Contactez-nous pour en savoir plus sur nos services de nettoyage commercial.<\/p>","protected":false},"author":1,"featured_media":0,"parent":0,"menu_order":0,"comment_status":"closed","ping_status":"closed","template":"elementor_canvas","meta":{"footnotes":""},"class_list":["post-1183","page","type-page","status-publish","hentry"],"_links":{"self":[{"href":"https:\/\/zenett.ca\/en\/wp-json\/wp\/v2\/pages\/1183","targetHints":{"allow":["GET"]}}],"collection":[{"href":"https:\/\/zenett.ca\/en\/wp-json\/wp\/v2\/pages"}],"about":[{"href":"https:\/\/zenett.ca\/en\/wp-json\/wp\/v2\/types\/page"}],"author":[{"embeddable":true,"href":"https:\/\/zenett.ca\/en\/wp-json\/wp\/v2\/users\/1"}],"replies":[{"embeddable":true,"href":"https:\/\/zenett.ca\/en\/wp-json\/wp\/v2\/comments?post=1183"}],"version-history":[{"count":43,"href":"https:\/\/zenett.ca\/en\/wp-json\/wp\/v2\/pages\/1183\/revisions"}],"predecessor-version":[{"id":1472,"href":"https:\/\/zenett.ca\/en\/wp-json\/wp\/v2\/pages\/1183\/revisions\/1472"}],"wp:attachment":[{"href":"https:\/\/zenett.ca\/en\/wp-json\/wp\/v2\/media?parent=1183"}],"curies":[{"name":"wp","href":"https:\/\/api.w.org\/{rel}","templated":true}]}}